
{"id":650,"date":"2021-03-23T18:25:59","date_gmt":"2021-03-23T16:25:59","guid":{"rendered":"http:\/\/www.raftingpallars.com\/?page_id=650"},"modified":"2024-03-19T18:27:18","modified_gmt":"2024-03-19T16:27:18","slug":"reservar","status":"publish","type":"page","link":"https:\/\/www.raftingpallars.com\/es\/reservar\/","title":{"rendered":"Reserva"},"content":{"rendered":"<div class=\"col-xs-12 text-center\">Tienes dos m\u00e9todos para solicitar una reserva:  <\/div>\n<p><a href=\"https:\/\/wa.me\/34616603849\"><\/p>\n<div class=\"col-xs-12 whats\">A trav\u00e9s de Whatsapp<i class=\"fab fa-whatsapp\"><\/i> haciendo clic aqu\u00ed<\/div>\n<p><\/a><\/p>\n<div class=\"clearfix\"><\/div>\n<div class=\"col-xs-12 text-center\">O bien rellenando el formulario de reserva:<\/div>\n<div class=\"col-sm-8\">\n<div class=\"wpcf7 no-js\" id=\"wpcf7-f991-o1\" lang=\"es-ES\" dir=\"ltr\" data-wpcf7-id=\"991\">\n<div class=\"screen-reader-response\"><p role=\"status\" aria-live=\"polite\" aria-atomic=\"true\"><\/p> <ul><\/ul><\/div>\n<form action=\"\/es\/wp-json\/wp\/v2\/pages\/650#wpcf7-f991-o1\" method=\"post\" class=\"wpcf7-form init\" aria-label=\"Formulario de contacto\" novalidate=\"novalidate\" data-status=\"init\">\n<fieldset class=\"hidden-fields-container\"><input type=\"hidden\" name=\"_wpcf7\" value=\"991\" \/><input type=\"hidden\" name=\"_wpcf7_version\" value=\"6.1.5\" \/><input type=\"hidden\" name=\"_wpcf7_locale\" value=\"es_ES\" \/><input type=\"hidden\" name=\"_wpcf7_unit_tag\" value=\"wpcf7-f991-o1\" \/><input type=\"hidden\" name=\"_wpcf7_container_post\" value=\"0\" \/><input type=\"hidden\" name=\"_wpcf7_posted_data_hash\" value=\"\" \/>\n<\/fieldset>\n<p><label> El nombre<br \/>\n<span class=\"wpcf7-form-control-wrap\" data-name=\"your-name\"><input size=\"40\" maxlength=\"400\" class=\"wpcf7-form-control wpcf7-text wpcf7-validates-as-required\" aria-required=\"true\" aria-invalid=\"false\" value=\"\" type=\"text\" name=\"your-name\" \/><\/span> <\/label>\n<\/p>\n<p><label> El correo electr\u00f3nico<br \/>\n<span class=\"wpcf7-form-control-wrap\" data-name=\"your-email\"><input size=\"40\" maxlength=\"400\" class=\"wpcf7-form-control wpcf7-email wpcf7-validates-as-required wpcf7-text wpcf7-validates-as-email\" aria-required=\"true\" aria-invalid=\"false\" value=\"\" type=\"email\" name=\"your-email\" \/><\/span> <\/label>\n<\/p>\n<p><label> Tel\u00e9fono<br \/>\n<span class=\"wpcf7-form-control-wrap\" data-name=\"tel-191\"><input size=\"40\" maxlength=\"400\" class=\"wpcf7-form-control wpcf7-tel wpcf7-text wpcf7-validates-as-tel\" aria-invalid=\"false\" value=\"\" type=\"tel\" name=\"tel-191\" \/><\/span><\/label>\n<\/p>\n<p><label> Actividad<br \/>\n<span class=\"wpcf7-form-control-wrap\" data-name=\"your-subject\"><input size=\"40\" maxlength=\"400\" class=\"wpcf7-form-control wpcf7-text wpcf7-validates-as-required\" aria-required=\"true\" aria-invalid=\"false\" value=\"\" type=\"text\" name=\"your-subject\" \/><\/span> <\/label>\n<\/p>\n<p><label> Fecha de la Actividad*<br \/>\n<span class=\"wpcf7-form-control-wrap\" data-name=\"date-559\"><input class=\"wpcf7-form-control wpcf7-date wpcf7-validates-as-date\" aria-invalid=\"false\" value=\"\" type=\"date\" name=\"date-559\" \/><\/span><\/label>\n<\/p>\n<p><label> El mensaje (opcional)<br \/>\n<span class=\"wpcf7-form-control-wrap\" data-name=\"your-message\"><textarea cols=\"40\" rows=\"10\" maxlength=\"2000\" class=\"wpcf7-form-control wpcf7-textarea\" aria-invalid=\"false\" name=\"your-message\"><\/textarea><\/span> <\/label>\n<\/p>\n<p><span class=\"wpcf7-form-control-wrap\" data-name=\"acceptance-160\"><span class=\"wpcf7-form-control wpcf7-acceptance\"><span class=\"wpcf7-list-item\"><label><input type=\"checkbox\" name=\"acceptance-160\" value=\"1\" aria-invalid=\"false\" \/><span class=\"wpcf7-list-item-label\">He le\u00eddo y acepto la <a href=\"politica-de-privadesa\" target=\"_blank\">Pol\u00edtica de privacidad<\/a><\/span><\/label><\/span><\/span><\/span>\n<\/p>\n<p>*Este no es un proceso automatizado, nos pondremos en contacto contigo para confirmar la disponibilidad.\n<\/p>\n<p><label>\u00bfCu\u00e1ntos son 3 + 4? (antirobots)<br \/>\n<span class=\"wpcf7-form-control-wrap\" data-name=\"antibot\"><label><span class=\"wpcf7-quiz-label\">3 + 4?<\/span> <input size=\"40\" class=\"wpcf7-form-control wpcf7-quiz\" autocomplete=\"off\" aria-required=\"true\" aria-invalid=\"false\" type=\"text\" name=\"antibot\" \/><\/label><input type=\"hidden\" name=\"_wpcf7_quiz_answer_antibot\" value=\"5c4b8659edfe55040f251ea4e5a85627\" \/><\/span> <\/label>\n<\/p>\n<p><input class=\"wpcf7-form-control wpcf7-submit has-spinner\" type=\"submit\" value=\"Envia\" \/>\n<\/p><div class=\"wpcf7-response-output\" aria-hidden=\"true\"><\/div>\n<\/form>\n<\/div>\n<\/div>\n<div class=\"col-sm-4\"><strong>Rafting Pallars Turisnat \u2013 (La Borda de Ritort)<\/strong><br \/>\nPasseig de les Vernedes s\/n<br \/>\n25560 Sort (Alt Pirineu y Aran)<br \/>\nTelf. <a href=\"tel:+34973621008\">973 621 008<\/a><br \/>\nMov. <a href=\"tel:+34616603849\">616 603 849<\/a><br \/>\n<a href=\"mailto:info@raftingpallars.com\">info@raftingpallars.com<\/a>\n<\/div>\n","protected":false},"excerpt":{"rendered":"Tienes dos m\u00e9todos para solicitar una reserva: A trav\u00e9s de Whatsapp haciendo clic aqu\u00ed O bien rellenando el formulario de reserva: Rafting Pallars Turisnat \u2013 (La Borda de Ritort) Passeig de les Vernedes s\/n 25560 Sort (Alt Pirineu y Aran) Telf. 973 621 008 Mov. 616 603 849 info@raftingpallars.com","protected":false},"author":1,"featured_media":373,"parent":0,"menu_order":0,"comment_status":"closed","ping_status":"closed","template":"page-custom3.php","meta":{"_acf_changed":false,"footnotes":""},"class_list":["post-650","page","type-page","status-publish","has-post-thumbnail","hentry"],"acf":[],"_links":{"self":[{"href":"https:\/\/www.raftingpallars.com\/es\/wp-json\/wp\/v2\/pages\/650","targetHints":{"allow":["GET"]}}],"collection":[{"href":"https:\/\/www.raftingpallars.com\/es\/wp-json\/wp\/v2\/pages"}],"about":[{"href":"https:\/\/www.raftingpallars.com\/es\/wp-json\/wp\/v2\/types\/page"}],"author":[{"embeddable":true,"href":"https:\/\/www.raftingpallars.com\/es\/wp-json\/wp\/v2\/users\/1"}],"replies":[{"embeddable":true,"href":"https:\/\/www.raftingpallars.com\/es\/wp-json\/wp\/v2\/comments?post=650"}],"version-history":[{"count":5,"href":"https:\/\/www.raftingpallars.com\/es\/wp-json\/wp\/v2\/pages\/650\/revisions"}],"predecessor-version":[{"id":1122,"href":"https:\/\/www.raftingpallars.com\/es\/wp-json\/wp\/v2\/pages\/650\/revisions\/1122"}],"wp:featuredmedia":[{"embeddable":true,"href":"https:\/\/www.raftingpallars.com\/es\/wp-json\/wp\/v2\/media\/373"}],"wp:attachment":[{"href":"https:\/\/www.raftingpallars.com\/es\/wp-json\/wp\/v2\/media?parent=650"}],"curies":[{"name":"wp","href":"https:\/\/api.w.org\/{rel}","templated":true}]}}